{"id":259,"date":"2018-03-13T18:03:25","date_gmt":"2018-03-13T17:03:25","guid":{"rendered":"http:\/\/psalmensingen.de\/?page_id=259"},"modified":"2020-10-09T19:01:56","modified_gmt":"2020-10-09T17:01:56","slug":"liederkalender","status":"publish","type":"page","link":"https:\/\/psalmensingen.de\/?page_id=259","title":{"rendered":"Liederkalender"},"content":{"rendered":"<p>Zur Bestellung rufen Sie an oder schicken Sie mir eine email!<\/p>\n<ul>\n<li>Liederkalender 2021 mit CD (12 Lieder)<\/li>\n<li>Unkostenbeitrag: A3 (genau: 28 x 39 cm)\u00a0 15 \u20ac plus Porto<\/li>\n<li>Versand: als P\u00e4ckchen &#8211; zu gro\u00df f\u00fcr einen Brief<\/li>\n<li><a href=\"http:\/\/psalmensingen.de\/?page_id=547\">Schauen<\/a> Sie rein:\u00a0 im Men\u00fc unter &#8220;Kalender 2021&#8221;<\/li>\n<\/ul>\n","protected":false},"excerpt":{"rendered":"<p>Zur Bestellung rufen Sie an oder schicken Sie mir eine email! Liederkalender 2021 mit CD (12 Lieder) Unkostenbeitrag: A3 (genau: 28 x 39 cm)\u00a0 15 \u20ac plus Porto Versand: als P\u00e4ckchen &#8211; zu gro\u00df f\u00fcr einen Brief Schauen Sie rein:\u00a0 im Men\u00fc unter &#8220;Kalender 2021&#8221;<\/p>\n","protected":false},"author":7,"featured_media":0,"parent":0,"menu_order":0,"comment_status":"closed","ping_status":"closed","template":"","meta":{"footnotes":""},"class_list":["post-259","page","type-page","status-publish","hentry","entry"],"_links":{"self":[{"href":"https:\/\/psalmensingen.de\/index.php?rest_route=\/wp\/v2\/pages\/259","targetHints":{"allow":["GET"]}}],"collection":[{"href":"https:\/\/psalmensingen.de\/index.php?rest_route=\/wp\/v2\/pages"}],"about":[{"href":"https:\/\/psalmensingen.de\/index.php?rest_route=\/wp\/v2\/types\/page"}],"author":[{"embeddable":true,"href":"https:\/\/psalmensingen.de\/index.php?rest_route=\/wp\/v2\/users\/7"}],"replies":[{"embeddable":true,"href":"https:\/\/psalmensingen.de\/index.php?rest_route=%2Fwp%2Fv2%2Fcomments&post=259"}],"version-history":[{"count":11,"href":"https:\/\/psalmensingen.de\/index.php?rest_route=\/wp\/v2\/pages\/259\/revisions"}],"predecessor-version":[{"id":580,"href":"https:\/\/psalmensingen.de\/index.php?rest_route=\/wp\/v2\/pages\/259\/revisions\/580"}],"wp:attachment":[{"href":"https:\/\/psalmensingen.de\/index.php?rest_route=%2Fwp%2Fv2%2Fmedia&parent=259"}],"curies":[{"name":"wp","href":"https:\/\/api.w.org\/{rel}","templated":true}]}}