{"id":335,"date":"2018-12-04T16:55:27","date_gmt":"2018-12-04T15:55:27","guid":{"rendered":"http:\/\/psalmensingen.de\/?page_id=335"},"modified":"2020-10-07T11:06:29","modified_gmt":"2020-10-07T09:06:29","slug":"jahreskalender","status":"publish","type":"page","link":"http:\/\/psalmensingen.de\/?page_id=335","title":{"rendered":"Kalender"},"content":{"rendered":"\n<p>haben ein Kalendarium f\u00fcr ein Jahr. Nat\u00fcrlich sind sie auch nach Ablauf des Jahres noch n\u00fctzlich !<\/p>\n","protected":false},"excerpt":{"rendered":"<p>haben ein Kalendarium f\u00fcr ein Jahr. Nat\u00fcrlich sind sie auch nach Ablauf des Jahres noch n\u00fctzlich !<\/p>\n","protected":false},"author":7,"featured_media":0,"parent":0,"menu_order":0,"comment_status":"closed","ping_status":"closed","template":"","meta":{"footnotes":""},"class_list":["post-335","page","type-page","status-publish","hentry","entry"],"_links":{"self":[{"href":"http:\/\/psalmensingen.de\/index.php?rest_route=\/wp\/v2\/pages\/335","targetHints":{"allow":["GET"]}}],"collection":[{"href":"http:\/\/psalmensingen.de\/index.php?rest_route=\/wp\/v2\/pages"}],"about":[{"href":"http:\/\/psalmensingen.de\/index.php?rest_route=\/wp\/v2\/types\/page"}],"author":[{"embeddable":true,"href":"http:\/\/psalmensingen.de\/index.php?rest_route=\/wp\/v2\/users\/7"}],"replies":[{"embeddable":true,"href":"http:\/\/psalmensingen.de\/index.php?rest_route=%2Fwp%2Fv2%2Fcomments&post=335"}],"version-history":[{"count":4,"href":"http:\/\/psalmensingen.de\/index.php?rest_route=\/wp\/v2\/pages\/335\/revisions"}],"predecessor-version":[{"id":526,"href":"http:\/\/psalmensingen.de\/index.php?rest_route=\/wp\/v2\/pages\/335\/revisions\/526"}],"wp:attachment":[{"href":"http:\/\/psalmensingen.de\/index.php?rest_route=%2Fwp%2Fv2%2Fmedia&parent=335"}],"curies":[{"name":"wp","href":"https:\/\/api.w.org\/{rel}","templated":true}]}}