{"id":204,"date":"2015-08-16T12:02:32","date_gmt":"2015-08-16T10:02:32","guid":{"rendered":"http:\/\/psalmensingen.de\/?page_id=204"},"modified":"2026-03-01T12:03:16","modified_gmt":"2026-03-01T11:03:16","slug":"die-schildkrokrote","status":"publish","type":"page","link":"http:\/\/psalmensingen.de\/?page_id=204","title":{"rendered":"die Schildkr\u00f6kr\u00f6te"},"content":{"rendered":"<p><div class=\"compact_audio_player_wrapper\"><div class=\"sc_player_container1\"><input type=\"button\" id=\"btnplay_69e00844427fc5.72446656\" class=\"myButton_play\" onClick=\"play_mp3('play','69e00844427fc5.72446656','http:\/\/psalmensingen.de\/wp-content\/uploads\/2015\/08\/Schildkroete_2.mp3','80','false');show_hide('play','69e00844427fc5.72446656');\" \/><input type=\"button\"  id=\"btnstop_69e00844427fc5.72446656\" style=\"display:none\" class=\"myButton_stop\" onClick=\"play_mp3('stop','69e00844427fc5.72446656','','80','false');show_hide('stop','69e00844427fc5.72446656');\" \/><div id=\"sm2-container\"><!-- flash movie ends up here --><\/div><\/div><\/div>        <script type=\"text\/javascript\" charset=\"utf-8\">\n        soundManager.setup({\n            url: \"http:\/\/psalmensingen.de\/wp-content\/plugins\/compact-wp-audio-player\/swf\/soundmanager2.swf\",\n            onready: function() {\n                var mySound = soundManager.createSound({\n                    id: \"btnplay_69e00844427fc5.72446656\",\n                    volume: \"80\",\n                    url: \"http:\/\/psalmensingen.de\/wp-content\/uploads\/2015\/08\/Schildkroete_2.mp3\"\n                });\n                var auto_loop = \"false\";\n                mySound.play({\n                    onfinish: function() {\n                        if (auto_loop == \"true\") {\n                            loopSound(\"btnplay_69e00844427fc5.72446656\");\n                        } else {\n                            document.getElementById(\"btnplay_69e00844427fc5.72446656\").style.display = \"inline\";\n                            document.getElementById(\"btnstop_69e00844427fc5.72446656\").style.display = \"none\";\n                        }\n                    }\n                });\n                document.getElementById(\"btnplay_69e00844427fc5.72446656\").style.display = \"none\";\n                document.getElementById(\"btnstop_69e00844427fc5.72446656\").style.display = \"inline\";\n            },\n            ontimeout: function() {\n                \/\/ SM2 could not start. Missing SWF? Flash blocked? Show an error.\n                alert(\"Error! Audio player failed to load.\");\n            }\n        });\n        <\/script>\n         Pause \/ Play<\/p>\n<p>Ich bin nun tausend Jahre alt<br \/>\nund werde t\u00e4glich \u00e4lter;<br \/>\nder Gotenk\u00f6nig Theobald<br \/>\nerzog mich im Beh\u00e4lter.<\/p>\n<p>Seitdem ist mancherlei geschehn,<br \/>\ndoch wei\u00df ich nichts davon;<br \/>\nzur Zeit, da l\u00e4sst f\u00fcr Geld mich sehn<br \/>\nein Kaufmann zu Heilbronn.<\/p>\n<p>Ich kenne nicht des Todes Bild<br \/>\nund nicht des Sterbens N\u00f6te:<br \/>\nIch bin die Schild &#8211; ich bin die Schild &#8211;<br \/>\nich bin die Schild &#8211; kr\u00f6 &#8211; kr\u00f6te.<\/p>\n","protected":false},"excerpt":{"rendered":"<p>Pause \/ Play Ich bin nun tausend Jahre alt und werde t\u00e4glich \u00e4lter; der Gotenk\u00f6nig Theobald erzog mich im Beh\u00e4lter. Seitdem ist mancherlei geschehn, doch wei\u00df ich nichts davon; zur Zeit, da l\u00e4sst f\u00fcr Geld mich sehn ein Kaufmann zu Heilbronn. Ich kenne nicht des Todes Bild und nicht des Sterbens N\u00f6te: Ich bin die [&hellip;]<\/p>\n","protected":false},"author":7,"featured_media":0,"parent":194,"menu_order":5,"comment_status":"closed","ping_status":"closed","template":"","meta":{"footnotes":""},"class_list":["post-204","page","type-page","status-publish","hentry","entry"],"_links":{"self":[{"href":"http:\/\/psalmensingen.de\/index.php?rest_route=\/wp\/v2\/pages\/204","targetHints":{"allow":["GET"]}}],"collection":[{"href":"http:\/\/psalmensingen.de\/index.php?rest_route=\/wp\/v2\/pages"}],"about":[{"href":"http:\/\/psalmensingen.de\/index.php?rest_route=\/wp\/v2\/types\/page"}],"author":[{"embeddable":true,"href":"http:\/\/psalmensingen.de\/index.php?rest_route=\/wp\/v2\/users\/7"}],"replies":[{"embeddable":true,"href":"http:\/\/psalmensingen.de\/index.php?rest_route=%2Fwp%2Fv2%2Fcomments&post=204"}],"version-history":[{"count":6,"href":"http:\/\/psalmensingen.de\/index.php?rest_route=\/wp\/v2\/pages\/204\/revisions"}],"predecessor-version":[{"id":674,"href":"http:\/\/psalmensingen.de\/index.php?rest_route=\/wp\/v2\/pages\/204\/revisions\/674"}],"up":[{"embeddable":true,"href":"http:\/\/psalmensingen.de\/index.php?rest_route=\/wp\/v2\/pages\/194"}],"wp:attachment":[{"href":"http:\/\/psalmensingen.de\/index.php?rest_route=%2Fwp%2Fv2%2Fmedia&parent=204"}],"curies":[{"name":"wp","href":"https:\/\/api.w.org\/{rel}","templated":true}]}}