{"id":199,"date":"2015-08-16T11:52:32","date_gmt":"2015-08-16T09:52:32","guid":{"rendered":"http:\/\/psalmensingen.de\/?page_id=199"},"modified":"2015-08-16T11:54:02","modified_gmt":"2015-08-16T09:54:02","slug":"christian-morgenstern","status":"publish","type":"page","link":"http:\/\/psalmensingen.de\/?page_id=199","title":{"rendered":"Christian Morgenstern"},"content":{"rendered":"<p>Christian Otto Josef Wolfgang Morgenstern (* 6. Mai 1871 in M\u00fcnchen; \u2020 31. M\u00e4rz 1914 in Untermais, Tirol, \u00d6sterreich-Ungarn) war ein deutscher Dichter, Schriftsteller und \u00dcbersetzer.<\/p>\n<p><a href=\"https:\/\/de.wikipedia.org\/wiki\/Christian_Morgenstern\" target=\"_blank\">in der Wikipedia<\/a><\/p>\n","protected":false},"excerpt":{"rendered":"<p>Christian Otto Josef Wolfgang Morgenstern (* 6. Mai 1871 in M\u00fcnchen; \u2020 31. M\u00e4rz 1914 in Untermais, Tirol, \u00d6sterreich-Ungarn) war ein deutscher Dichter, Schriftsteller und \u00dcbersetzer. in der Wikipedia<\/p>\n","protected":false},"author":7,"featured_media":0,"parent":194,"menu_order":0,"comment_status":"closed","ping_status":"closed","template":"","meta":{"footnotes":""},"class_list":["post-199","page","type-page","status-publish","hentry","entry"],"_links":{"self":[{"href":"http:\/\/psalmensingen.de\/index.php?rest_route=\/wp\/v2\/pages\/199","targetHints":{"allow":["GET"]}}],"collection":[{"href":"http:\/\/psalmensingen.de\/index.php?rest_route=\/wp\/v2\/pages"}],"about":[{"href":"http:\/\/psalmensingen.de\/index.php?rest_route=\/wp\/v2\/types\/page"}],"author":[{"embeddable":true,"href":"http:\/\/psalmensingen.de\/index.php?rest_route=\/wp\/v2\/users\/7"}],"replies":[{"embeddable":true,"href":"http:\/\/psalmensingen.de\/index.php?rest_route=%2Fwp%2Fv2%2Fcomments&post=199"}],"version-history":[{"count":3,"href":"http:\/\/psalmensingen.de\/index.php?rest_route=\/wp\/v2\/pages\/199\/revisions"}],"predecessor-version":[{"id":202,"href":"http:\/\/psalmensingen.de\/index.php?rest_route=\/wp\/v2\/pages\/199\/revisions\/202"}],"up":[{"embeddable":true,"href":"http:\/\/psalmensingen.de\/index.php?rest_route=\/wp\/v2\/pages\/194"}],"wp:attachment":[{"href":"http:\/\/psalmensingen.de\/index.php?rest_route=%2Fwp%2Fv2%2Fmedia&parent=199"}],"curies":[{"name":"wp","href":"https:\/\/api.w.org\/{rel}","templated":true}]}}